{"id":118,"date":"2025-04-30T14:40:03","date_gmt":"2025-04-30T14:40:03","guid":{"rendered":"https:\/\/julianailsspa.com\/about\/"},"modified":"2026-04-01T13:36:58","modified_gmt":"2026-04-01T13:36:58","slug":"nosotros","status":"publish","type":"page","link":"https:\/\/julianailsspa.com\/en\/nosotros\/","title":{"rendered":"About us"},"content":{"rendered":"<div class=\"wp-block-uagb-container uagb-block-7fa683e6 alignfull uagb-is-root-container\"><div class=\"uagb-container-inner-blocks-wrap\">\n<div class=\"wp-block-uagb-advanced-heading uagb-block-74b342eb\"><h1 class=\"uagb-heading-text\">Your Hair, Hands and Feet with the experts<\/h1><\/div>\n<\/div><\/div>\n\n\n\n<div class=\"wp-block-uagb-container uagb-block-94ded581 default uagb-is-root-container\">\n<h2 class=\"wp-block-heading has-text-align-center has-x-large-font-size\">The Story Behind Julia Nails Salon &amp; Spa              <\/h2>\n\n\n\n<div class=\"wp-block-uagb-container uagb-block-21891d52\">\n<div class=\"wp-block-uagb-container uagb-block-8a4a99e4\">\n<div class=\"wp-block-group alignfull is-layout-constrained wp-block-group-is-layout-constrained\">\n<div class=\"wp-block-uagb-image aligncenter uagb-block-e71a6b83 wp-block-uagb-image--layout-default wp-block-uagb-image--effect-static wp-block-uagb-image--align-center alignleft\"><figure class=\"wp-block-uagb-image__figure\"><img decoding=\"async\" srcset=\"https:\/\/julianailsspa.com\/wp-content\/uploads\/2025\/05\/IMG_1791-2.jpg ,https:\/\/julianailsspa.com\/wp-content\/uploads\/2025\/05\/IMG_1791-2.jpg 780w, https:\/\/julianailsspa.com\/wp-content\/uploads\/2025\/05\/IMG_1791-2.jpg 360w\" sizes=\"auto, (max-width: 480px) 150px\" src=\"https:\/\/julianailsspa.com\/wp-content\/uploads\/2025\/05\/IMG_1791-2.jpg\" alt=\"quienes-somos - Tu salon de bellaza en Doral - MIami\" class=\"uag-image-1813\" width=\"448\" height=\"536\" title=\"IMG_1791\" loading=\"lazy\" role=\"img\"\/><\/figure><\/div>\n<\/div>\n<\/div>\n\n\n\n<div class=\"wp-block-uagb-container uagb-block-7e959f87\">\n<article class=\"wp-block-uagb-info-box uagb-block-4960c374 uagb-infobox__content-wrap  uagb-infobox-icon-above-title uagb-infobox-image-valign-top\"><div class=\"uagb-ifb-content\"><div class=\"uagb-ifb-icon-wrap\"><svg xmlns=\"https:\/\/www.w3.org\/2000\/svg\" viewbox=\"0 0 512 512\"><path d=\"M0 256C0 114.6 114.6 0 256 0C397.4 0 512 114.6 512 256C512 397.4 397.4 512 256 512C114.6 512 0 397.4 0 256zM371.8 211.8C382.7 200.9 382.7 183.1 371.8 172.2C360.9 161.3 343.1 161.3 332.2 172.2L224 280.4L179.8 236.2C168.9 225.3 151.1 225.3 140.2 236.2C129.3 247.1 129.3 264.9 140.2 275.8L204.2 339.8C215.1 350.7 232.9 350.7 243.8 339.8L371.8 211.8z\"><\/path><\/svg><\/div><div class=\"uagb-ifb-title-wrap\"><p class=\"uagb-ifb-title\"><strong>Julia Nails Salon &amp; Spa<\/strong>, Your Hair hands and feet with the experts, located in the heart of <strong>Doral \u2013 Miami<\/strong> located just a stone's throw from Dolphin Mall and the Miami International Mall, it has established itself as one of the area's most recognized beauty salons. Our mission is to offer a comprehensive beauty experience that combines visible results, personalized attention, and an environment where each client's well-being is our priority.<br><br>Since its founding in 2020 by <strong>Julia Santos<\/strong>, a professional with over a decade of experience in the beauty industry, the salon has grown thanks to her human approach and consistent quality in every service.<br>We offer a wide range of services, including <strong>manicure, pedicure, hair treatments, color, cuts, facial and body waxing<\/strong>, always using high-quality products and modern techniques that guarantee long-lasting results.<br><br>In addition, we differentiate ourselves by maintaining strict protocols of <strong>hygiene and safety<\/strong>, which provides confidence and peace of mind to those who visit us. Each space in the salon is designed to be welcoming, relaxing, and functional\u2014ideal for disconnecting from the daily grind and enjoying a moment just for yourself. As a result of our commitment to excellence, we have more than <strong>170 Google reviews <\/strong>with a <strong>qualification of 4.9 stars<\/strong>, reflecting the satisfaction of our customers and the positive impact of our work on the community of <strong>Miami \u2013 Doral<\/strong>. <br>In short, <strong>Julia Nails Salon &amp; Spa<\/strong> It is a space designed to take care of you, pamper you, and bring out the best in you, with the support of a professional team that is constantly training and passionate about what they do.<br><\/p><\/div><\/div><\/article>\n<\/div>\n<\/div>\n\n\n\n<div class=\"wp-block-uagb-buttons uagb-buttons__outer-wrap uagb-btn__default-btn uagb-btn-tablet__default-btn uagb-btn-mobile__default-btn uagb-block-665b2fb0\"><div class=\"uagb-buttons__wrap uagb-buttons-layout-wrap\">\n<div class=\"wp-block-uagb-buttons-child uagb-buttons__outer-wrap uagb-block-c38eb477 wp-block-button\"><div class=\"uagb-button__wrapper\"><a class=\"uagb-buttons-repeater wp-block-button__link\" aria-label=\"\" href=\"https:\/\/www.vagaro.com\/julianails\" rel=\"follow noopener\" target=\"_self\" role=\"button\"><div class=\"uagb-button__link\">Book now<\/div><\/a><\/div><\/div>\n<\/div><\/div>\n<\/div>\n\n\n\n<div class=\"wp-block-uagb-container uagb-block-cc344175 alignfull uagb-is-root-container\"><div class=\"uagb-container-inner-blocks-wrap\">\n<div class=\"wp-block-uagb-advanced-heading uagb-block-7b2294a3\"><h2 class=\"uagb-heading-text\">Our Values<\/h2><p class=\"uagb-desc-text\">At Julia Nails Salon &amp; Spa, we are guided by solid principles that reflect our commitment to being your experienced beauty salon in Doral. <\/p><\/div>\n\n\n\n<div class=\"wp-block-uagb-container uagb-block-ecb8dade\">\n<div class=\"wp-block-uagb-advanced-heading uagb-block-bef7d43a\"><h3 class=\"uagb-heading-text\">Quality<\/h3><p class=\"uagb-desc-text\">We strive to provide the highest quality services using award-winning products that guarantee exceptional results every time.<\/p><\/div>\n\n\n\n<div class=\"wp-block-uagb-advanced-heading uagb-block-b863782d\"><h3 class=\"uagb-heading-text\">Personalized Attention<\/h3><p class=\"uagb-desc-text\">Every client is unique; we are dedicated to providing individualized attention, ensuring that all your needs are carefully met.<\/p><\/div>\n\n\n\n<div class=\"wp-block-uagb-advanced-heading uagb-block-9f890ad2\"><h3 class=\"uagb-heading-text\">Welfare<\/h3><p class=\"uagb-desc-text\">We promote a relaxing and rejuvenating environment where our guests can disconnect from everyday stress and enjoy some time for themselves.<\/p><\/div>\n<\/div>\n<\/div><\/div>","protected":false},"excerpt":{"rendered":"<p>Tu Cabello, Manos y Pies con los expertos La Historia detr\u00e1s de Julia Nails Salon &amp; Spa Nuestros Valores En [&hellip;]<\/p>\n","protected":false},"author":1,"featured_media":0,"parent":0,"menu_order":0,"comment_status":"closed","ping_status":"closed","template":"","meta":{"_uag_custom_page_level_css":"","site-sidebar-layout":"default","site-content-layout":"","ast-site-content-layout":"default","site-content-style":"default","site-sidebar-style":"default","ast-global-header-display":"","ast-banner-title-visibility":"","ast-main-header-display":"","ast-hfb-above-header-display":"","ast-hfb-below-header-display":"","ast-hfb-mobile-header-display":"","site-post-title":"disabled","ast-breadcrumbs-content":"","ast-featured-img":"","footer-sml-layout":"","theme-transparent-header-meta":"enabled","adv-header-id-meta":"","stick-header-meta":"","header-above-stick-meta":"","header-main-stick-meta":"","header-below-stick-meta":"","astra-migrate-meta-layouts":"set","ast-page-background-enabled":"default","ast-page-background-meta":{"desktop":{"background-color":"var(--ast-global-color-4)","background-image":"","background-repeat":"repeat","background-position":"center center","background-size":"auto","background-attachment":"scroll","background-type":"","background-media":"","overlay-type":"","overlay-color":"","overlay-opacity":"","overlay-gradient":""},"tablet":{"background-color":"","background-image":"","background-repeat":"repeat","background-position":"center center","background-size":"auto","background-attachment":"scroll","background-type":"","background-media":"","overlay-type":"","overlay-color":"","overlay-opacity":"","overlay-gradient":""},"mobile":{"background-color":"","background-image":"","background-repeat":"repeat","background-position":"center center","background-size":"auto","background-attachment":"scroll","background-type":"","background-media":"","overlay-type":"","overlay-color":"","overlay-opacity":"","overlay-gradient":""}},"ast-content-background-meta":{"desktop":{"background-color":"var(--ast-global-color-5)","background-image":"","background-repeat":"repeat","background-position":"center center","background-size":"auto","background-attachment":"scroll","background-type":"","background-media":"","overlay-type":"","overlay-color":"","overlay-opacity":"","overlay-gradient":""},"tablet":{"background-color":"var(--ast-global-color-5)","background-image":"","background-repeat":"repeat","background-position":"center center","background-size":"auto","background-attachment":"scroll","background-type":"","background-media":"","overlay-type":"","overlay-color":"","overlay-opacity":"","overlay-gradient":""},"mobile":{"background-color":"var(--ast-global-color-5)","background-image":"","background-repeat":"repeat","background-position":"center center","background-size":"auto","background-attachment":"scroll","background-type":"","background-media":"","overlay-type":"","overlay-color":"","overlay-opacity":"","overlay-gradient":""}},"footnotes":""},"class_list":["post-118","page","type-page","status-publish","hentry"],"yoast_head":"<!-- This site is optimized with the Yoast SEO plugin v27.3 - https:\/\/yoast.com\/product\/yoast-seo-wordpress\/ -->\n<title>Tu Cabello manos y pies con los expertos - Julia Nails Salon &amp; Spa<\/title>\n<meta name=\"description\" content=\"Conoce la historia detr\u00e1s de Julia Nails donde Tu Cabello, manos y pies con los expertos Visitanos ya! o haz tu cita Onlne\" \/>\n<meta name=\"robots\" content=\"index, follow, max-snippet:-1, max-image-preview:large, max-video-preview:-1\" \/>\n<link rel=\"canonical\" href=\"https:\/\/julianailsspa.com\/en\/nosotros\/\" \/>\n<meta property=\"og:locale\" content=\"en_US\" \/>\n<meta property=\"og:type\" content=\"article\" \/>\n<meta property=\"og:title\" content=\"Tu Cabello manos y pies con los expertos - Julia Nails Salon &amp; Spa\" \/>\n<meta property=\"og:description\" content=\"Conoce la historia detr\u00e1s de Julia Nails donde Tu Cabello, manos y pies con los expertos Visitanos ya! o haz tu cita Onlne\" \/>\n<meta property=\"og:url\" content=\"https:\/\/julianailsspa.com\/en\/nosotros\/\" \/>\n<meta property=\"og:site_name\" content=\"Julia Nails Salon &amp; Spa\" \/>\n<meta property=\"article:modified_time\" content=\"2026-04-01T13:36:58+00:00\" \/>\n<meta property=\"og:image\" content=\"https:\/\/julianailsspa.com\/wp-content\/uploads\/2025\/05\/IMG_1791-2.jpg\" \/>\n<meta name=\"twitter:card\" content=\"summary_large_image\" \/>\n<meta name=\"twitter:label1\" content=\"Est. reading time\" \/>\n\t<meta name=\"twitter:data1\" content=\"2 minutes\" \/>\n<script type=\"application\/ld+json\" class=\"yoast-schema-graph\">{\"@context\":\"https:\\\/\\\/schema.org\",\"@graph\":[{\"@type\":\"WebPage\",\"@id\":\"https:\\\/\\\/julianailsspa.com\\\/nosotros\\\/\",\"url\":\"https:\\\/\\\/julianailsspa.com\\\/nosotros\\\/\",\"name\":\"Tu Cabello manos y pies con los expertos - Julia Nails Salon & Spa\",\"isPartOf\":{\"@id\":\"https:\\\/\\\/julianailsspa.com\\\/#website\"},\"primaryImageOfPage\":{\"@id\":\"https:\\\/\\\/julianailsspa.com\\\/nosotros\\\/#primaryimage\"},\"image\":{\"@id\":\"https:\\\/\\\/julianailsspa.com\\\/nosotros\\\/#primaryimage\"},\"thumbnailUrl\":\"https:\\\/\\\/julianailsspa.com\\\/wp-content\\\/uploads\\\/2025\\\/05\\\/IMG_1791-2.jpg\",\"datePublished\":\"2025-04-30T14:40:03+00:00\",\"dateModified\":\"2026-04-01T13:36:58+00:00\",\"description\":\"Conoce la historia detr\u00e1s de Julia Nails donde Tu Cabello, manos y pies con los expertos Visitanos ya! o haz tu cita Onlne\",\"breadcrumb\":{\"@id\":\"https:\\\/\\\/julianailsspa.com\\\/nosotros\\\/#breadcrumb\"},\"inLanguage\":\"en-US\",\"potentialAction\":[{\"@type\":\"ReadAction\",\"target\":[\"https:\\\/\\\/julianailsspa.com\\\/nosotros\\\/\"]}]},{\"@type\":\"ImageObject\",\"inLanguage\":\"en-US\",\"@id\":\"https:\\\/\\\/julianailsspa.com\\\/nosotros\\\/#primaryimage\",\"url\":\"https:\\\/\\\/julianailsspa.com\\\/wp-content\\\/uploads\\\/2025\\\/05\\\/IMG_1791-2.jpg\",\"contentUrl\":\"https:\\\/\\\/julianailsspa.com\\\/wp-content\\\/uploads\\\/2025\\\/05\\\/IMG_1791-2.jpg\"},{\"@type\":\"BreadcrumbList\",\"@id\":\"https:\\\/\\\/julianailsspa.com\\\/nosotros\\\/#breadcrumb\",\"itemListElement\":[{\"@type\":\"ListItem\",\"position\":1,\"name\":\"Portada\",\"item\":\"https:\\\/\\\/julianailsspa.com\\\/\"},{\"@type\":\"ListItem\",\"position\":2,\"name\":\"Nosotros\"}]},{\"@type\":\"WebSite\",\"@id\":\"https:\\\/\\\/julianailsspa.com\\\/#website\",\"url\":\"https:\\\/\\\/julianailsspa.com\\\/\",\"name\":\"JULIA NAILS SALON & SPA\",\"description\":\"Expertos en u\u00f1as, color, secado, depilaci\u00f3n. Vis\u00edtanos en Doral y disfruta de una experiencia de belleza \u00fanica. \u00a1Agenda tu cita hoy!\",\"publisher\":{\"@id\":\"https:\\\/\\\/julianailsspa.com\\\/#organization\"},\"potentialAction\":[{\"@type\":\"SearchAction\",\"target\":{\"@type\":\"EntryPoint\",\"urlTemplate\":\"https:\\\/\\\/julianailsspa.com\\\/?s={search_term_string}\"},\"query-input\":{\"@type\":\"PropertyValueSpecification\",\"valueRequired\":true,\"valueName\":\"search_term_string\"}}],\"inLanguage\":\"en-US\"},{\"@type\":\"Organization\",\"@id\":\"https:\\\/\\\/julianailsspa.com\\\/#organization\",\"name\":\"JULIA NAILS SALON & SPA\",\"url\":\"https:\\\/\\\/julianailsspa.com\\\/\",\"logo\":{\"@type\":\"ImageObject\",\"inLanguage\":\"en-US\",\"@id\":\"https:\\\/\\\/julianailsspa.com\\\/#\\\/schema\\\/logo\\\/image\\\/\",\"url\":\"https:\\\/\\\/julianailsspa.com\\\/wp-content\\\/uploads\\\/2025\\\/05\\\/imagotipo-transparente-3.png\",\"contentUrl\":\"https:\\\/\\\/julianailsspa.com\\\/wp-content\\\/uploads\\\/2025\\\/05\\\/imagotipo-transparente-3.png\",\"width\":1081,\"height\":1081,\"caption\":\"JULIA NAILS SALON & SPA\"},\"image\":{\"@id\":\"https:\\\/\\\/julianailsspa.com\\\/#\\\/schema\\\/logo\\\/image\\\/\"}}]}<\/script>\n<!-- \/ Yoast SEO plugin. -->","yoast_head_json":{"title":"Tu Cabello manos y pies con los expertos - Julia Nails Salon & Spa","description":"Conoce la historia detr\u00e1s de Julia Nails donde Tu Cabello, manos y pies con los expertos Visitanos ya! o haz tu cita Onlne","robots":{"index":"index","follow":"follow","max-snippet":"max-snippet:-1","max-image-preview":"max-image-preview:large","max-video-preview":"max-video-preview:-1"},"canonical":"https:\/\/julianailsspa.com\/en\/nosotros\/","og_locale":"en_US","og_type":"article","og_title":"Tu Cabello manos y pies con los expertos - Julia Nails Salon & Spa","og_description":"Conoce la historia detr\u00e1s de Julia Nails donde Tu Cabello, manos y pies con los expertos Visitanos ya! o haz tu cita Onlne","og_url":"https:\/\/julianailsspa.com\/en\/nosotros\/","og_site_name":"Julia Nails Salon &amp; Spa","article_modified_time":"2026-04-01T13:36:58+00:00","og_image":[{"url":"https:\/\/julianailsspa.com\/wp-content\/uploads\/2025\/05\/IMG_1791-2.jpg","type":"","width":"","height":""}],"twitter_card":"summary_large_image","twitter_misc":{"Est. reading time":"2 minutes"},"schema":{"@context":"https:\/\/schema.org","@graph":[{"@type":"WebPage","@id":"https:\/\/julianailsspa.com\/nosotros\/","url":"https:\/\/julianailsspa.com\/nosotros\/","name":"Tu Cabello manos y pies con los expertos - Julia Nails Salon & Spa","isPartOf":{"@id":"https:\/\/julianailsspa.com\/#website"},"primaryImageOfPage":{"@id":"https:\/\/julianailsspa.com\/nosotros\/#primaryimage"},"image":{"@id":"https:\/\/julianailsspa.com\/nosotros\/#primaryimage"},"thumbnailUrl":"https:\/\/julianailsspa.com\/wp-content\/uploads\/2025\/05\/IMG_1791-2.jpg","datePublished":"2025-04-30T14:40:03+00:00","dateModified":"2026-04-01T13:36:58+00:00","description":"Conoce la historia detr\u00e1s de Julia Nails donde Tu Cabello, manos y pies con los expertos Visitanos ya! o haz tu cita Onlne","breadcrumb":{"@id":"https:\/\/julianailsspa.com\/nosotros\/#breadcrumb"},"inLanguage":"en-US","potentialAction":[{"@type":"ReadAction","target":["https:\/\/julianailsspa.com\/nosotros\/"]}]},{"@type":"ImageObject","inLanguage":"en-US","@id":"https:\/\/julianailsspa.com\/nosotros\/#primaryimage","url":"https:\/\/julianailsspa.com\/wp-content\/uploads\/2025\/05\/IMG_1791-2.jpg","contentUrl":"https:\/\/julianailsspa.com\/wp-content\/uploads\/2025\/05\/IMG_1791-2.jpg"},{"@type":"BreadcrumbList","@id":"https:\/\/julianailsspa.com\/nosotros\/#breadcrumb","itemListElement":[{"@type":"ListItem","position":1,"name":"Portada","item":"https:\/\/julianailsspa.com\/"},{"@type":"ListItem","position":2,"name":"Nosotros"}]},{"@type":"WebSite","@id":"https:\/\/julianailsspa.com\/#website","url":"https:\/\/julianailsspa.com\/","name":"JULIA NAILS SALON & SPA","description":"Expertos en u\u00f1as, color, secado, depilaci\u00f3n. Vis\u00edtanos en Doral y disfruta de una experiencia de belleza \u00fanica. \u00a1Agenda tu cita hoy!","publisher":{"@id":"https:\/\/julianailsspa.com\/#organization"},"potentialAction":[{"@type":"SearchAction","target":{"@type":"EntryPoint","urlTemplate":"https:\/\/julianailsspa.com\/?s={search_term_string}"},"query-input":{"@type":"PropertyValueSpecification","valueRequired":true,"valueName":"search_term_string"}}],"inLanguage":"en-US"},{"@type":"Organization","@id":"https:\/\/julianailsspa.com\/#organization","name":"JULIA NAILS SALON & SPA","url":"https:\/\/julianailsspa.com\/","logo":{"@type":"ImageObject","inLanguage":"en-US","@id":"https:\/\/julianailsspa.com\/#\/schema\/logo\/image\/","url":"https:\/\/julianailsspa.com\/wp-content\/uploads\/2025\/05\/imagotipo-transparente-3.png","contentUrl":"https:\/\/julianailsspa.com\/wp-content\/uploads\/2025\/05\/imagotipo-transparente-3.png","width":1081,"height":1081,"caption":"JULIA NAILS SALON & SPA"},"image":{"@id":"https:\/\/julianailsspa.com\/#\/schema\/logo\/image\/"}}]}},"uagb_featured_image_src":{"full":false,"thumbnail":false,"medium":false,"medium_large":false,"large":false,"1536x1536":false,"2048x2048":false,"trp-custom-language-flag":false},"uagb_author_info":{"display_name":"kelvin2710","author_link":"https:\/\/julianailsspa.com\/en\/author\/kelvin2710\/"},"uagb_comment_info":0,"uagb_excerpt":"Tu Cabello, Manos y Pies con los expertos La Historia detr\u00e1s de Julia Nails Salon &amp; Spa Nuestros Valores En [&hellip;]","_links":{"self":[{"href":"https:\/\/julianailsspa.com\/en\/wp-json\/wp\/v2\/pages\/118","targetHints":{"allow":["GET"]}}],"collection":[{"href":"https:\/\/julianailsspa.com\/en\/wp-json\/wp\/v2\/pages"}],"about":[{"href":"https:\/\/julianailsspa.com\/en\/wp-json\/wp\/v2\/types\/page"}],"author":[{"embeddable":true,"href":"https:\/\/julianailsspa.com\/en\/wp-json\/wp\/v2\/users\/1"}],"replies":[{"embeddable":true,"href":"https:\/\/julianailsspa.com\/en\/wp-json\/wp\/v2\/comments?post=118"}],"version-history":[{"count":40,"href":"https:\/\/julianailsspa.com\/en\/wp-json\/wp\/v2\/pages\/118\/revisions"}],"predecessor-version":[{"id":2191,"href":"https:\/\/julianailsspa.com\/en\/wp-json\/wp\/v2\/pages\/118\/revisions\/2191"}],"wp:attachment":[{"href":"https:\/\/julianailsspa.com\/en\/wp-json\/wp\/v2\/media?parent=118"}],"curies":[{"name":"wp","href":"https:\/\/api.w.org\/{rel}","templated":true}]}}